{"id":283,"date":"2024-06-11T23:37:15","date_gmt":"2024-06-12T02:37:15","guid":{"rendered":"https:\/\/generalfiedleroverlanders.com\/?page_id=283"},"modified":"2024-06-12T16:51:13","modified_gmt":"2024-06-12T19:51:13","slug":"expedicoes","status":"publish","type":"page","link":"https:\/\/generalfiedleroverlanders.com\/index.php\/expedicoes\/","title":{"rendered":"Expedi\u00e7\u00f5es"},"content":{"rendered":"\t\t<div data-elementor-type=\"wp-page\" data-elementor-id=\"283\" class=\"elementor elementor-283\">\n\t\t\t\t<div class=\"elementor-element elementor-element-e046846 e-flex e-con-boxed e-con e-parent\" data-id=\"e046846\" data-element_type=\"container\">\n\t\t\t\t\t<div class=\"e-con-inner\">\n\t\t\t\t<div class=\"elementor-element elementor-element-4f72fca7 elementor-widget elementor-widget-text-editor\" data-id=\"4f72fca7\" data-element_type=\"widget\" data-widget_type=\"text-editor.default\">\n\t\t\t\t<div class=\"elementor-widget-container\">\n\t\t\t\t\t\t\t\t\t\n<p>Vejo nossos roteiros pelo Brasil.<\/p>\n\t\t\t\t\t\t\t\t<\/div>\n\t\t\t\t<\/div>\n\t\t\t\t\t<\/div>\n\t\t\t\t<\/div>\n\t\t<div class=\"elementor-element elementor-element-4877251 e-flex e-con-boxed e-con e-parent\" data-id=\"4877251\" data-element_type=\"container\">\n\t\t\t\t\t<div class=\"e-con-inner\">\n\t\t\t\t<div class=\"elementor-element elementor-element-515edde elementor-widget elementor-widget-image\" data-id=\"515edde\" data-element_type=\"widget\" data-widget_type=\"image.default\">\n\t\t\t\t<div class=\"elementor-widget-container\">\n\t\t\t\t\t\t\t\t\t\t\t\t<figure class=\"wp-caption\">\n\t\t\t\t\t\t\t\t\t\t\t<a href=\"https:\/\/generalfiedleroverlanders.com\/index.php\/2024\/06\/11\/expedicao-1-prudentopolis-ponta-grossa-tibagi\/\">\n\t\t\t\t\t\t\t<img fetchpriority=\"high\" decoding=\"async\" width=\"851\" height=\"315\" src=\"https:\/\/generalfiedleroverlanders.com\/wp-content\/uploads\/2024\/06\/expedicao-1.jpg\" class=\"attachment-large size-large wp-image-273\" alt=\"\" srcset=\"https:\/\/generalfiedleroverlanders.com\/wp-content\/uploads\/2024\/06\/expedicao-1.jpg 851w, https:\/\/generalfiedleroverlanders.com\/wp-content\/uploads\/2024\/06\/expedicao-1-300x111.jpg 300w, https:\/\/generalfiedleroverlanders.com\/wp-content\/uploads\/2024\/06\/expedicao-1-768x284.jpg 768w\" sizes=\"(max-width: 851px) 100vw, 851px\" \/>\t\t\t\t\t\t\t\t<\/a>\n\t\t\t\t\t\t\t\t\t\t\t<figcaption class=\"widget-image-caption wp-caption-text\">Expedi\u00e7\u00e3o 1 - Prudent\u00f3polis, Ponta Grossa, Tibagi<\/figcaption>\n\t\t\t\t\t\t\t\t\t\t<\/figure>\n\t\t\t\t\t\t\t\t\t<\/div>\n\t\t\t\t<\/div>\n\t\t\t\t\t<\/div>\n\t\t\t\t<\/div>\n\t\t\t\t<\/div>\n\t\t","protected":false},"excerpt":{"rendered":"<p>Vejo nossos roteiros pelo Brasil. Expedi\u00e7\u00e3o 1 &#8211; Prudent\u00f3polis, Ponta Grossa, Tibagi<\/p>\n","protected":false},"author":1,"featured_media":0,"parent":0,"menu_order":0,"comment_status":"closed","ping_status":"closed","template":"","meta":{"saved_in_kubio":false,"om_disable_all_campaigns":false,"_monsterinsights_skip_tracking":false,"_monsterinsights_sitenote_active":false,"_monsterinsights_sitenote_note":"","_monsterinsights_sitenote_category":0,"footnotes":""},"class_list":["post-283","page","type-page","status-publish","hentry"],"aioseo_notices":[],"kubio_ai_page_context":{"short_desc":"","purpose":"general"},"_links":{"self":[{"href":"https:\/\/generalfiedleroverlanders.com\/index.php\/wp-json\/wp\/v2\/pages\/283","targetHints":{"allow":["GET"]}}],"collection":[{"href":"https:\/\/generalfiedleroverlanders.com\/index.php\/wp-json\/wp\/v2\/pages"}],"about":[{"href":"https:\/\/generalfiedleroverlanders.com\/index.php\/wp-json\/wp\/v2\/types\/page"}],"author":[{"embeddable":true,"href":"https:\/\/generalfiedleroverlanders.com\/index.php\/wp-json\/wp\/v2\/users\/1"}],"replies":[{"embeddable":true,"href":"https:\/\/generalfiedleroverlanders.com\/index.php\/wp-json\/wp\/v2\/comments?post=283"}],"version-history":[{"count":4,"href":"https:\/\/generalfiedleroverlanders.com\/index.php\/wp-json\/wp\/v2\/pages\/283\/revisions"}],"predecessor-version":[{"id":289,"href":"https:\/\/generalfiedleroverlanders.com\/index.php\/wp-json\/wp\/v2\/pages\/283\/revisions\/289"}],"wp:attachment":[{"href":"https:\/\/generalfiedleroverlanders.com\/index.php\/wp-json\/wp\/v2\/media?parent=283"}],"curies":[{"name":"wp","href":"https:\/\/api.w.org\/{rel}","templated":true}]}}